{"id":2457,"date":"2019-03-26T14:50:43","date_gmt":"2019-03-26T14:50:43","guid":{"rendered":"http:\/\/unadeca.net\/cwhite4\/?page_id=2457"},"modified":"2021-12-29T02:51:44","modified_gmt":"2021-12-29T02:51:44","slug":"palabras-del-director","status":"publish","type":"page","link":"https:\/\/unadeca.net\/cwhite\/palabras-del-director\/","title":{"rendered":"Palabras del director"},"content":{"rendered":"\t\t<div data-elementor-type=\"wp-post\" data-elementor-id=\"2457\" class=\"elementor elementor-2457\">\n\t\t\t\t\t\t<section class=\"elementor-section elementor-top-section elementor-element elementor-element-b35c2bd elementor-section-full_width section-title background elementor-section-height-default elementor-section-height-default\" data-id=\"b35c2bd\" data-element_type=\"section\" data-settings=\"{&quot;background_background&quot;:&quot;classic&quot;}\">\n\t\t\t\t\t\t<div class=\"elementor-container elementor-column-gap-default\">\n\t\t\t\t\t<div class=\"elementor-column elementor-col-100 elementor-top-column elementor-element elementor-element-f52e553\" data-id=\"f52e553\" data-element_type=\"column\">\n\t\t\t<div class=\"elementor-widget-wrap elementor-element-populated\">\n\t\t\t\t\t\t<div class=\"elementor-element elementor-element-4410350 text-white elementor-widget elementor-widget-heading\" data-id=\"4410350\" data-element_type=\"widget\" data-widget_type=\"heading.default\">\n\t\t\t\t<div class=\"elementor-widget-container\">\n\t\t\t\t\t<h3 class=\"elementor-heading-title elementor-size-default\">Palabras del director<\/h3>\t\t\t\t<\/div>\n\t\t\t\t<\/div>\n\t\t\t\t\t<\/div>\n\t\t<\/div>\n\t\t\t\t\t<\/div>\n\t\t<\/section>\n\t\t\t\t<section class=\"elementor-section elementor-top-section elementor-element elementor-element-eee05d3 elementor-section-boxed elementor-section-height-default elementor-section-height-default\" data-id=\"eee05d3\" data-element_type=\"section\">\n\t\t\t\t\t\t<div class=\"elementor-container elementor-column-gap-default\">\n\t\t\t\t\t<div class=\"elementor-column elementor-col-66 elementor-top-column elementor-element elementor-element-57b63bf\" data-id=\"57b63bf\" data-element_type=\"column\">\n\t\t\t<div class=\"elementor-widget-wrap elementor-element-populated\">\n\t\t\t\t\t\t<div class=\"elementor-element elementor-element-9788301 elementor-widget elementor-widget-text-editor\" data-id=\"9788301\" data-element_type=\"widget\" data-widget_type=\"text-editor.default\">\n\t\t\t\t<div class=\"elementor-widget-container\">\n\t\t\t\t\t\t\t\t\t<p style=\"font-weight: 400;\"><img fetchpriority=\"high\" decoding=\"async\" class=\"size-medium wp-image-5600 alignleft\" src=\"http:\/\/unadeca.net\/cwhite\/wp-content\/uploads\/2020\/11\/David-Macario--300x198.png\" alt=\"\" width=\"300\" height=\"198\" srcset=\"https:\/\/unadeca.net\/cwhite\/wp-content\/uploads\/2020\/11\/David-Macario--300x198.png 300w, https:\/\/unadeca.net\/cwhite\/wp-content\/uploads\/2020\/11\/David-Macario-.png 750w\" sizes=\"(max-width: 300px) 100vw, 300px\" \/><\/p><p style=\"font-weight: 400;\">El Centro de Investigaci\u00f3n White, se encuentra ubicado en la Universidad Adventista de Centro Am\u00e9rica, Costa Rica. Es el cuarto Centro White creado en el territorio de la Divisi\u00f3n Interamericana.<\/p><p style=\"font-weight: 400;\">Fue creado para servir prioritariamente a los pa\u00edses de Belize, Costa Rica, El Salvador, Guatemala, Honduras, Nicaragua y Panam\u00e1.<\/p><p style=\"font-weight: 400;\">Nuestro Centro de Investigaci\u00f3n White inici\u00f3 sus actividades a partir del 11 de diciembre del 2011. Tiene como objetivos responder a interrogantes, promover el estudio y la investigaci\u00f3n de la vida y los escritos de Elena G. de White. Adem\u00e1s, incentiva la recopilaci\u00f3n de los datos hist\u00f3ricos del inicio de la Obra Adventista, para la creaci\u00f3n del archivo de la Historia de la Iglesia Adventista en Centro Am\u00e9rica y Panam\u00e1.<\/p><p style=\"font-weight: 400;\">\u00a0Bienvenidos al Centro de Investigaci\u00f3n White UNADECA.<\/p><p><b>\u00a0<\/b><\/p><p><b>David Macario<\/b><\/p><p><strong>Director de Centro White<\/strong><\/p>\t\t\t\t\t\t\t\t<\/div>\n\t\t\t\t<\/div>\n\t\t\t\t\t<\/div>\n\t\t<\/div>\n\t\t\t\t<div class=\"elementor-column elementor-col-33 elementor-top-column elementor-element elementor-element-28d91ec6\" data-id=\"28d91ec6\" data-element_type=\"column\">\n\t\t\t<div class=\"elementor-widget-wrap elementor-element-populated\">\n\t\t\t\t\t\t<div class=\"elementor-element elementor-element-34227fe sidebar elementor-widget elementor-widget-sidebar\" data-id=\"34227fe\" data-element_type=\"widget\" data-widget_type=\"sidebar.default\">\n\t\t\t\t<div class=\"elementor-widget-container\">\n\t\t\t\t\t<section id=\"search-2\" class=\"widget widget_search\"><form rol=\"search\" method=\"GET\" action=\"https:\/\/unadeca.net\/cwhite\/\">\n  <input type=\"search\"class=\"form-control\"\n  placeholder=\"Buscar\"\n  name=\"s\"\n  title=\"Buscar\"\n  value=\"\">\n<\/form>\n<\/section><section id=\"latest_news-2\" class=\"widget widget_latest_news\"><h2 class=\"widget-title\">Otras publicaciones<\/h2><a href=\"https:\/\/unadeca.net\/cwhite\/2026\/04\/15\/pensamiento-del-dia-310\/\" class=\"sidebar-news\" >\n                <div class=\"media-body\" style=\"padding-bottom:20px !important;\">\n                    <h5 class=\"title-news\">PENSAMIENTO DEL D\u00cdA<\/h5>\n                <h5 class=\"date-news\">15-04-2026<\/h5>\n                <p>&#8220;Manifestar enojo hacia un hijo que se equiv...<\/p>\n                <\/div>\n                <\/a><a href=\"https:\/\/unadeca.net\/cwhite\/2026\/04\/14\/pensamiento-del-dia-309\/\" class=\"sidebar-news\" >\n                <div class=\"media-body\" style=\"padding-bottom:20px !important;\">\n                    <h5 class=\"title-news\">PENSAMIENTO DEL D\u00cdA<\/h5>\n                <h5 class=\"date-news\">14-04-2026<\/h5>\n                <p>&#8220;Necesitamos no estar todo el tiempo de rodi...<\/p>\n                <\/div>\n                <\/a><a href=\"https:\/\/unadeca.net\/cwhite\/2026\/04\/13\/pensamiento-del-dia-308\/\" class=\"sidebar-news\" >\n                <div class=\"media-body\" style=\"padding-bottom:20px !important;\">\n                    <h5 class=\"title-news\">PENSAMIENTO DEL D\u00cdA<\/h5>\n                <h5 class=\"date-news\">13-04-2026<\/h5>\n                <p>&#8220;La vida espiritual puede mantenerse vigoros...<\/p>\n                <\/div>\n                <\/a><a href=\"https:\/\/unadeca.net\/cwhite\/2026\/04\/09\/pensamiento-del-dia-307\/\" class=\"sidebar-news\" >\n                <div class=\"media-body\" style=\"padding-bottom:20px !important;\">\n                    <h5 class=\"title-news\">PENSAMIENTO DEL D\u00cdA<\/h5>\n                <h5 class=\"date-news\">09-04-2026<\/h5>\n                <p>&#8220;LA ATM\u00d3SFERA La atm\u00f3sfera que rodea el al...<\/p>\n                <\/div>\n                <\/a><a href=\"https:\/\/unadeca.net\/cwhite\/2026\/04\/08\/pensamiento-del-dia-306\/\" class=\"sidebar-news\" >\n                <div class=\"media-body\" style=\"padding-bottom:20px !important;\">\n                    <h5 class=\"title-news\">PENSAMIENTO DEL D\u00cdA<\/h5>\n                <h5 class=\"date-news\">08-04-2026<\/h5>\n                <p>&#8220;S\u00c9 SALUDABLE,ramas que dan fruto de la vid...<\/p>\n                <\/div>\n                <\/a><a href=\"https:\/\/unadeca.net\/cwhite\/2026\/04\/07\/pensamiento-del-dia-305\/\" class=\"sidebar-news\" >\n                <div class=\"media-body\" style=\"padding-bottom:20px !important;\">\n                    <h5 class=\"title-news\">PENSAMIENTO DEL D\u00cdA<\/h5>\n                <h5 class=\"date-news\">07-04-2026<\/h5>\n                <p>&#8220;La verdad b\u00edblica debe presentarse de una ...<\/p>\n                <\/div>\n                <\/a><a href=\"https:\/\/unadeca.net\/cwhite\/2026\/04\/06\/pensamiento-del-dia-304\/\" class=\"sidebar-news\" >\n                <div class=\"media-body\" style=\"padding-bottom:20px !important;\">\n                    <h5 class=\"title-news\">PENSAMIENTO DEL D\u00cdA<\/h5>\n                <h5 class=\"date-news\">06-04-2026<\/h5>\n                <p>\u201cExiste una atm\u00f3sfera peculiar que rodea el alm...<\/p>\n                <\/div>\n                <\/a><a href=\"https:\/\/unadeca.net\/cwhite\/2026\/03\/31\/pensamiento-del-dia-303\/\" class=\"sidebar-news\" >\n                <div class=\"media-body\" style=\"padding-bottom:20px !important;\">\n                    <h5 class=\"title-news\">PENSAMIENTO DEL D\u00cdA<\/h5>\n                <h5 class=\"date-news\">31-03-2026<\/h5>\n                <p>&#8220;LA CONCIENCIAde hacer lo correcto es la mej...<\/p>\n                <\/div>\n                <\/a><a href=\"https:\/\/unadeca.net\/cwhite\/2026\/03\/30\/pensamiento-del-dia-302\/\" class=\"sidebar-news\" >\n                <div class=\"media-body\" style=\"padding-bottom:20px !important;\">\n                    <h5 class=\"title-news\">PENSAMIENTO DEL D\u00cdA<\/h5>\n                <h5 class=\"date-news\">30-03-2026<\/h5>\n                <p>&#8220;MUCHOS DE LOS J\u00d3VENESson imprudentes en su...<\/p>\n                <\/div>\n                <\/a><a href=\"https:\/\/unadeca.net\/cwhite\/2026\/03\/26\/pensamiento-del-dia-301\/\" class=\"sidebar-news\" >\n                <div class=\"media-body\" style=\"padding-bottom:20px !important;\">\n                    <h5 class=\"title-news\">PENSAMIENTO DEL D\u00cdA<\/h5>\n                <h5 class=\"date-news\">26-03-2026<\/h5>\n                <p>&#8220;Padres y madres,hablen con bondad a sus hij...<\/p>\n                <\/div>\n                <\/a><\/ul><\/section><section id=\"latest_events-2\" class=\"widget widget_latest_events\"><h2 class=\"widget-title\">Pr\u00f3ximos Eventos<\/h2><p style=\"padding:25px;\">No listing found<\/p><\/section>\t\t\t\t<\/div>\n\t\t\t\t<\/div>\n\t\t\t\t\t<\/div>\n\t\t<\/div>\n\t\t\t\t\t<\/div>\n\t\t<\/section>\n\t\t\t\t<\/div>\n\t\t","protected":false},"excerpt":{"rendered":"<p>Palabras del director El Centro de Investigaci\u00f3n White, se encuentra ubicado en la Universidad Adventista de Centro Am\u00e9rica, Costa Rica. Es el cuarto Centro White creado en el territorio de la Divisi\u00f3n Interamericana. Fue creado para servir prioritariamente a los pa\u00edses de Belize, Costa Rica, El Salvador, Guatemala, Honduras, Nicaragua y Panam\u00e1. Nuestro Centro de [&hellip;]<\/p>\n","protected":false},"author":1,"featured_media":0,"parent":0,"menu_order":0,"comment_status":"closed","ping_status":"closed","template":"","meta":{"footnotes":""},"class_list":["post-2457","page","type-page","status-publish","hentry"],"_links":{"self":[{"href":"https:\/\/unadeca.net\/cwhite\/wp-json\/wp\/v2\/pages\/2457","targetHints":{"allow":["GET"]}}],"collection":[{"href":"https:\/\/unadeca.net\/cwhite\/wp-json\/wp\/v2\/pages"}],"about":[{"href":"https:\/\/unadeca.net\/cwhite\/wp-json\/wp\/v2\/types\/page"}],"author":[{"embeddable":true,"href":"https:\/\/unadeca.net\/cwhite\/wp-json\/wp\/v2\/users\/1"}],"replies":[{"embeddable":true,"href":"https:\/\/unadeca.net\/cwhite\/wp-json\/wp\/v2\/comments?post=2457"}],"version-history":[{"count":12,"href":"https:\/\/unadeca.net\/cwhite\/wp-json\/wp\/v2\/pages\/2457\/revisions"}],"predecessor-version":[{"id":5909,"href":"https:\/\/unadeca.net\/cwhite\/wp-json\/wp\/v2\/pages\/2457\/revisions\/5909"}],"wp:attachment":[{"href":"https:\/\/unadeca.net\/cwhite\/wp-json\/wp\/v2\/media?parent=2457"}],"curies":[{"name":"wp","href":"https:\/\/api.w.org\/{rel}","templated":true}]}}