{"id":2692,"date":"2019-05-12T02:53:49","date_gmt":"2019-05-12T02:53:49","guid":{"rendered":"http:\/\/unadeca.net\/cwhite4\/?page_id=2692"},"modified":"2019-05-12T02:57:05","modified_gmt":"2019-05-12T02:57:05","slug":"elena-white","status":"publish","type":"page","link":"https:\/\/unadeca.net\/cwhite\/elena-white\/","title":{"rendered":"Elena de White"},"content":{"rendered":"\t\t<div data-elementor-type=\"wp-post\" data-elementor-id=\"2692\" class=\"elementor elementor-2692\">\n\t\t\t\t\t\t<section class=\"elementor-section elementor-top-section elementor-element elementor-element-1f89caa elementor-section-full_width section-title background elementor-section-height-default elementor-section-height-default\" data-id=\"1f89caa\" data-element_type=\"section\" data-settings=\"{&quot;background_background&quot;:&quot;classic&quot;}\">\n\t\t\t\t\t\t<div class=\"elementor-container elementor-column-gap-default\">\n\t\t\t\t\t<div class=\"elementor-column elementor-col-100 elementor-top-column elementor-element elementor-element-f5b6bb4\" data-id=\"f5b6bb4\" data-element_type=\"column\">\n\t\t\t<div class=\"elementor-widget-wrap elementor-element-populated\">\n\t\t\t\t\t\t<div class=\"elementor-element elementor-element-7495853 text-white elementor-widget elementor-widget-heading\" data-id=\"7495853\" data-element_type=\"widget\" data-widget_type=\"heading.default\">\n\t\t\t\t<div class=\"elementor-widget-container\">\n\t\t\t\t\t<h3 class=\"elementor-heading-title elementor-size-default\">Elena de White<\/h3>\t\t\t\t<\/div>\n\t\t\t\t<\/div>\n\t\t\t\t\t<\/div>\n\t\t<\/div>\n\t\t\t\t\t<\/div>\n\t\t<\/section>\n\t\t\t\t<section class=\"elementor-section elementor-top-section elementor-element elementor-element-6ab36b43 elementor-section-boxed elementor-section-height-default elementor-section-height-default\" data-id=\"6ab36b43\" data-element_type=\"section\">\n\t\t\t\t\t\t<div class=\"elementor-container elementor-column-gap-default\">\n\t\t\t\t\t<div class=\"elementor-column elementor-col-66 elementor-top-column elementor-element elementor-element-3f877353\" data-id=\"3f877353\" data-element_type=\"column\">\n\t\t\t<div class=\"elementor-widget-wrap elementor-element-populated\">\n\t\t\t\t\t\t<div class=\"elementor-element elementor-element-5dcf78f7 elementor-widget elementor-widget-text-editor\" data-id=\"5dcf78f7\" data-element_type=\"widget\" data-widget_type=\"text-editor.default\">\n\t\t\t\t<div class=\"elementor-widget-container\">\n\t\t\t\t\t\t\t\t\t<h3 style=\"font-weight: 400;\"><img decoding=\"async\" class=\"wp-image-52 size-full alignleft\" src=\"http:\/\/unadeca.net\/cwhite\/wp-content\/uploads\/2015\/10\/ELEN.jpg\" alt=\"\" width=\"162\" height=\"210\" \/> <strong>MENSAJERA DEL SE\u00d1OR<\/strong><\/h3><p style=\"font-weight: 400;\">Naci\u00f3 el 26 de noviembre de 1827 &#8211; Muri\u00f3 el 16 de julio de 1915<\/p><p style=\"font-weight: 400;\">\u00a0Elena G. de White fue la m\u00e1s conocida de todos los adventistas del S\u00e9ptimo D\u00eda, no solamente porque fue dotada con el don de profec\u00eda, sino por su marcada influencia en la formaci\u00f3n de un movimiento mundial din\u00e1mico. Durmi\u00f3 en Cristo el 16 de julio de 1915, pero su fama sigue creciendo al pasar los d\u00edas.<\/p><p style=\"font-weight: 400;\">\u00a0Cuando era joven adolescente particip\u00f3 en la proclamaci\u00f3n Millerita de 1840. Igual que miles pas\u00f3 por el chasco, pero su fe nunca vacil\u00f3. Lleg\u00f3 a ser una de los 3 pioneros originarios de la iglesia teniendo parte con el que ser\u00eda su esposo, Jaime White y Jos\u00e9 Bates en esparcir la nueva luz sobre la purificaci\u00f3n del santuario y el s\u00e1bado.<\/p><p style=\"font-weight: 400;\">\u00a0<\/p><p style=\"font-weight: 400;\">Poco despu\u00e9s de su primera visi\u00f3n, Elena Harmon fue instruida por el \u00e1ngel del Se\u00f1or a escribir lo que se le hab\u00eda revelado. Dijo: &#8220;Temprano en mis labores p\u00fablicas, el Se\u00f1or me orden\u00f3, &#8216;Escribe, escribe las cosas que te he revelado&#8217;. En el tiempo en que este mensaje vino a m\u00ed, no pod\u00eda sostener mi mano firme. Mi condici\u00f3n f\u00edsica hizo imposible que escribiera&#8221;.<\/p><p style=\"font-weight: 400;\">&#8220;Pero otra vez vino la palabra del Se\u00f1or: &#8216;Escribe las cosas que te son reveladas&#8217; &#8230; Obedec\u00ed y como resultado no pas\u00f3 mucho tiempo antes que pudiera escribir p\u00e1gina tras p\u00e1gina con relativa facilidad. \u00bfQui\u00e9n me dijo lo que deb\u00eda escribir? \u00bfQui\u00e9n asegur\u00f3 mi mano derecha e hizo posible que usara la pluma? Fue el Se\u00f1or&#8221;. Review and Herald, junio 14 sw 1906. (Citado en Messenger to the Remnant, p\u00e1g. 109).<\/p><p style=\"font-weight: 400;\">Su primera revelaci\u00f3n prof\u00e9tica en diciembre de 1844 fue seguida por aproximadamente otras 2000 en forma de sue\u00f1os prof\u00e9ticos de noche o visiones de d\u00eda. La \u00faltima visi\u00f3n mostrada, trataba sobre el bienestar espiritual de los j\u00f3venes; la fecha, marzo 3 de 1915. Durante los setenta a\u00f1os de su ministerio p\u00fablico entre 1844 y 1915 escribi\u00f3 aproximadamente 25 millones de palabras o cien mil p\u00e1ginas de material manuscrito. \u00a1Esto es una gran cantidad de escritura!<\/p><p style=\"font-weight: 400;\">Los consejos tempranos de la Sra. White en el \u00e1rea de administraci\u00f3n y organizaci\u00f3n de la iglesia, en las ramas de Salud, Evangelismo M\u00e9dico, Educaci\u00f3n y publicaciones son bien conocidos. Sus muchos libros guardan estos mensajes para las iglesias de hoy. Sus escritos no son anticuados, sino que est\u00e1n al d\u00eda. En algunas \u00e1reas de ciencia y educaci\u00f3n el mundo no ha aplicado todav\u00eda los principios y filosof\u00edas enunciadas por la Sra. White. Donde sus consejos han sido puestos en pr\u00e1ctica, los resultados han confirmado su origen divino.<\/p><p style=\"font-weight: 400;\">El esposo de la se\u00f1ora White muri\u00f3 el 6 de agosto de 1881. Por cerca de treinta y cuatro a\u00f1os la se\u00f1ora White fue viuda. Trabaj\u00f3 dos a\u00f1os en Europa, del verano de 1885 al verano de 1887. Fue pionera en Australia de 1891 a 1900. Los once a\u00f1os pasados en el servicio extranjero ponen de relieve el car\u00e1cter internacional de su ministerio. Fue verdaderamente una mujer que perteneci\u00f3 al mundo, no simplemente a un grupo provincial. Aunque era americana comprend\u00eda que su misi\u00f3n era para la iglesia mundial.<\/p><p style=\"font-weight: 400;\">El 13 de febrero de 1915, se cay\u00f3 en su casa en St. Helena y se quebr\u00f3 la cadera. Muri\u00f3 el 16 de julio de l915. El funeral fue dirigido el 24 de julio de 1915 en Battle Creek. Fue enterrada en Oak Hill Cementery al lado de su esposo y otros parientes. Aunque est\u00e1 muerta, todav\u00eda nos habla en los 65 libros que ahora est\u00e1n disponibles en ingl\u00e9s y en muchas traducciones extranjeras.<\/p><p style=\"font-weight: 400;\">Ver:\u00a0<em>Messenger to the Remanent, p\u00e1gs. 109-111; Captains of the Host, por A. W. Spalding, p\u00e1gs.\u00a0<\/em><em>58-76; Pioneers Stories Retold, p\u00e1gs. 77-100; Footprints of the Pioneers, p\u00e1gs. 59-67.<\/em><\/p><p>\u00a0<\/p><h3 style=\"font-weight: 400;\"><strong>Una Historia Acerca de Elena G. de White<\/strong><\/h3><p style=\"font-weight: 400;\">La joven Elena Harmon (M\u00e1s tarde Elena G. de White) tuvo su primera visi\u00f3n prof\u00e9tica al mes siguiente de haber cumplido sus diecisiete a\u00f1os y solamente dos meses despu\u00e9s del chasco de octubre de 1844. Debi\u00f3 haber sido una ocasi\u00f3n conmovedora. Estaba arrodillada en oraci\u00f3n con otras cuatro amigas en la casa de su querida amiga, la se\u00f1ora Hains, en el sur de Portland, Maine. Estas cinco consagradas mujeres oraron con la esperanza de que su Padre celestial les revelara la raz\u00f3n por la cual Jes\u00fas no hab\u00eda venido como lo hab\u00edan esperado en octubre 22. Mientras oraban por entendimiento y direcci\u00f3n, la joven Elena sinti\u00f3 el poder de Dios sobre ella como nunca lo hab\u00eda sentido antes. Arthur W. Spalding dijo:<\/p><p style=\"font-weight: 400;\">&#8220;En un momento perdi\u00f3 de vista a los que la rodeaban, vio la visi\u00f3n de Dios&#8221;.<\/p><p style=\"font-weight: 400;\">&#8220;Vio una senda angosta y derecha que se perd\u00eda arriba sobre el mundo, sobre la cual el pueblo de Dios viajaba a la Ciudad Eterna del M\u00e1s All\u00e1. Detr\u00e1s de ellos sobre la senda brill\u00f3 una luz resplandeciente, en la cual un \u00e1ngel le dijo que era el &#8216;llanto de medianoche de 1844&#8217;. El 22 de octubre de 1844 fue llamado el D\u00eda del Chasco, pero en realidad fue el D\u00eda de Su Encuentro. Aquellos viajeros sobre el sendero que mantuvieron sus ojos en Jes\u00fas y caminaron en la luz que fue vertida sobre su senda fueron con seguridad, pero los que desarrollaron des\u00e1nimo y cobard\u00eda perdieron el paso y cayeron. Pronto escucharon la voz de Dios anunciando la Segunda Venida de Jes\u00fas, y entonces vieron una peque\u00f1a nube negra aumentando en tama\u00f1o y brillantez, hasta que el arco iris del cielo revel\u00f3 la venida del Hijo del Hombre en Su gloria&#8221;. Footprints of the Pioneers, p\u00e1gs. 65, 66.<\/p><p style=\"font-weight: 400;\">Cuando Elena sali\u00f3 de esta primera visi\u00f3n, sus amigos se sintieron aliviados pues hab\u00edan pensado que estaba muerta. No hab\u00eda aliento en sus pulmones, sus ojos estaban abiertos pero no pod\u00eda ver nada. Unicamente con los ojos de su mente pod\u00eda ver las escenas de la visi\u00f3n. Dijo:<\/p><p style=\"font-weight: 400;\">&#8220;Nunca pens\u00e9 que vendr\u00eda al mundo otra vez. Cuando mi aliento vino a mi cuerpo, no pod\u00eda o\u00edr nada. Todo estaba oscuro. La luz y la gloria sobre la que mis ojos han descansado, ha ocultado la luz. As\u00ed fue por muchas horas. Entonces gradualmente empec\u00e9 a reconocer la luz y pregunt\u00e9 d\u00f3nde estaba.<\/p><p style=\"font-weight: 400;\">&#8220;&#8216;Est\u00e1s aqu\u00ed en mi casa&#8217;, dijo la due\u00f1a de la casa. \u00bfQu\u00e9? \u00bfAqu\u00ed? \u00bfNo sabes acerca de esto? entonces todo volvi\u00f3 a m\u00ed. \u00bfEs este mi hogar? \u00bfHe venido aqu\u00ed otra vez? \u00a1Oh!, el peso y la carga que vinieron a mi alma&#8221; MS 16, 1894; Messenger to the Remanent, p\u00e1g. 6.<\/p><p style=\"font-weight: 400;\">Llor\u00e9 cuando me encontr\u00e9 aqu\u00ed, y me sent\u00ed nost\u00e1lgica.<\/p><p style=\"font-weight: 400;\">Hab\u00eda visto un mundo mejor, y \u00e9l hab\u00eda da\u00f1ado \u00e9ste para m\u00ed., &#8211;Life Sketches, p\u00e1gs. 67, 68.<\/p><p style=\"font-weight: 400;\">Esta es la preciosa luz que la hermana White recibi\u00f3 en sus visiones y que vemos reflejados en cada p\u00e1gina de sus maravillosos libros. \u00bfCu\u00e1ntos de estos libros ha le\u00eddo? \u00bfPuede nombrar cinco de sus libros?<\/p>\t\t\t\t\t\t\t\t<\/div>\n\t\t\t\t<\/div>\n\t\t\t\t\t<\/div>\n\t\t<\/div>\n\t\t\t\t<div class=\"elementor-column elementor-col-33 elementor-top-column elementor-element elementor-element-783249e sidebar\" data-id=\"783249e\" data-element_type=\"column\">\n\t\t\t<div class=\"elementor-widget-wrap elementor-element-populated\">\n\t\t\t\t\t\t<div class=\"elementor-element elementor-element-5b74bca3 elementor-widget elementor-widget-sidebar\" data-id=\"5b74bca3\" data-element_type=\"widget\" data-widget_type=\"sidebar.default\">\n\t\t\t\t<div class=\"elementor-widget-container\">\n\t\t\t\t\t<section id=\"search-2\" class=\"widget widget_search\"><form rol=\"search\" method=\"GET\" action=\"https:\/\/unadeca.net\/cwhite\/\">\n  <input type=\"search\"class=\"form-control\"\n  placeholder=\"Buscar\"\n  name=\"s\"\n  title=\"Buscar\"\n  value=\"\">\n<\/form>\n<\/section><section id=\"latest_news-2\" class=\"widget widget_latest_news\"><h2 class=\"widget-title\">Otras publicaciones<\/h2><a href=\"https:\/\/unadeca.net\/cwhite\/2026\/04\/15\/pensamiento-del-dia-310\/\" class=\"sidebar-news\" >\n                <div class=\"media-body\" style=\"padding-bottom:20px !important;\">\n                    <h5 class=\"title-news\">PENSAMIENTO DEL D\u00cdA<\/h5>\n                <h5 class=\"date-news\">15-04-2026<\/h5>\n                <p>&#8220;Manifestar enojo hacia un hijo que se equiv...<\/p>\n                <\/div>\n                <\/a><a href=\"https:\/\/unadeca.net\/cwhite\/2026\/04\/14\/pensamiento-del-dia-309\/\" class=\"sidebar-news\" >\n                <div class=\"media-body\" style=\"padding-bottom:20px !important;\">\n                    <h5 class=\"title-news\">PENSAMIENTO DEL D\u00cdA<\/h5>\n                <h5 class=\"date-news\">14-04-2026<\/h5>\n                <p>&#8220;Necesitamos no estar todo el tiempo de rodi...<\/p>\n                <\/div>\n                <\/a><a href=\"https:\/\/unadeca.net\/cwhite\/2026\/04\/13\/pensamiento-del-dia-308\/\" class=\"sidebar-news\" >\n                <div class=\"media-body\" style=\"padding-bottom:20px !important;\">\n                    <h5 class=\"title-news\">PENSAMIENTO DEL D\u00cdA<\/h5>\n                <h5 class=\"date-news\">13-04-2026<\/h5>\n                <p>&#8220;La vida espiritual puede mantenerse vigoros...<\/p>\n                <\/div>\n                <\/a><a href=\"https:\/\/unadeca.net\/cwhite\/2026\/04\/09\/pensamiento-del-dia-307\/\" class=\"sidebar-news\" >\n                <div class=\"media-body\" style=\"padding-bottom:20px !important;\">\n                    <h5 class=\"title-news\">PENSAMIENTO DEL D\u00cdA<\/h5>\n                <h5 class=\"date-news\">09-04-2026<\/h5>\n                <p>&#8220;LA ATM\u00d3SFERA La atm\u00f3sfera que rodea el al...<\/p>\n                <\/div>\n                <\/a><a href=\"https:\/\/unadeca.net\/cwhite\/2026\/04\/08\/pensamiento-del-dia-306\/\" class=\"sidebar-news\" >\n                <div class=\"media-body\" style=\"padding-bottom:20px !important;\">\n                    <h5 class=\"title-news\">PENSAMIENTO DEL D\u00cdA<\/h5>\n                <h5 class=\"date-news\">08-04-2026<\/h5>\n                <p>&#8220;S\u00c9 SALUDABLE,ramas que dan fruto de la vid...<\/p>\n                <\/div>\n                <\/a><a href=\"https:\/\/unadeca.net\/cwhite\/2026\/04\/07\/pensamiento-del-dia-305\/\" class=\"sidebar-news\" >\n                <div class=\"media-body\" style=\"padding-bottom:20px !important;\">\n                    <h5 class=\"title-news\">PENSAMIENTO DEL D\u00cdA<\/h5>\n                <h5 class=\"date-news\">07-04-2026<\/h5>\n                <p>&#8220;La verdad b\u00edblica debe presentarse de una ...<\/p>\n                <\/div>\n                <\/a><a href=\"https:\/\/unadeca.net\/cwhite\/2026\/04\/06\/pensamiento-del-dia-304\/\" class=\"sidebar-news\" >\n                <div class=\"media-body\" style=\"padding-bottom:20px !important;\">\n                    <h5 class=\"title-news\">PENSAMIENTO DEL D\u00cdA<\/h5>\n                <h5 class=\"date-news\">06-04-2026<\/h5>\n                <p>\u201cExiste una atm\u00f3sfera peculiar que rodea el alm...<\/p>\n                <\/div>\n                <\/a><a href=\"https:\/\/unadeca.net\/cwhite\/2026\/03\/31\/pensamiento-del-dia-303\/\" class=\"sidebar-news\" >\n                <div class=\"media-body\" style=\"padding-bottom:20px !important;\">\n                    <h5 class=\"title-news\">PENSAMIENTO DEL D\u00cdA<\/h5>\n                <h5 class=\"date-news\">31-03-2026<\/h5>\n                <p>&#8220;LA CONCIENCIAde hacer lo correcto es la mej...<\/p>\n                <\/div>\n                <\/a><a href=\"https:\/\/unadeca.net\/cwhite\/2026\/03\/30\/pensamiento-del-dia-302\/\" class=\"sidebar-news\" >\n                <div class=\"media-body\" style=\"padding-bottom:20px !important;\">\n                    <h5 class=\"title-news\">PENSAMIENTO DEL D\u00cdA<\/h5>\n                <h5 class=\"date-news\">30-03-2026<\/h5>\n                <p>&#8220;MUCHOS DE LOS J\u00d3VENESson imprudentes en su...<\/p>\n                <\/div>\n                <\/a><a href=\"https:\/\/unadeca.net\/cwhite\/2026\/03\/26\/pensamiento-del-dia-301\/\" class=\"sidebar-news\" >\n                <div class=\"media-body\" style=\"padding-bottom:20px !important;\">\n                    <h5 class=\"title-news\">PENSAMIENTO DEL D\u00cdA<\/h5>\n                <h5 class=\"date-news\">26-03-2026<\/h5>\n                <p>&#8220;Padres y madres,hablen con bondad a sus hij...<\/p>\n                <\/div>\n                <\/a><\/ul><\/section><section id=\"latest_events-2\" class=\"widget widget_latest_events\"><h2 class=\"widget-title\">Pr\u00f3ximos Eventos<\/h2><p style=\"padding:25px;\">No listing found<\/p><\/section>\t\t\t\t<\/div>\n\t\t\t\t<\/div>\n\t\t\t\t\t<\/div>\n\t\t<\/div>\n\t\t\t\t\t<\/div>\n\t\t<\/section>\n\t\t\t\t<\/div>\n\t\t","protected":false},"excerpt":{"rendered":"<p>Elena de White MENSAJERA DEL SE\u00d1OR Naci\u00f3 el 26 de noviembre de 1827 &#8211; Muri\u00f3 el 16 de julio de 1915 &nbsp;Elena G. de White fue la m\u00e1s conocida de todos los adventistas del S\u00e9ptimo D\u00eda, no solamente porque fue dotada con el don de profec\u00eda, sino por su marcada influencia en la formaci\u00f3n de [&hellip;]<\/p>\n","protected":false},"author":1,"featured_media":0,"parent":0,"menu_order":0,"comment_status":"closed","ping_status":"closed","template":"","meta":{"footnotes":""},"class_list":["post-2692","page","type-page","status-publish","hentry"],"_links":{"self":[{"href":"https:\/\/unadeca.net\/cwhite\/wp-json\/wp\/v2\/pages\/2692","targetHints":{"allow":["GET"]}}],"collection":[{"href":"https:\/\/unadeca.net\/cwhite\/wp-json\/wp\/v2\/pages"}],"about":[{"href":"https:\/\/unadeca.net\/cwhite\/wp-json\/wp\/v2\/types\/page"}],"author":[{"embeddable":true,"href":"https:\/\/unadeca.net\/cwhite\/wp-json\/wp\/v2\/users\/1"}],"replies":[{"embeddable":true,"href":"https:\/\/unadeca.net\/cwhite\/wp-json\/wp\/v2\/comments?post=2692"}],"version-history":[{"count":3,"href":"https:\/\/unadeca.net\/cwhite\/wp-json\/wp\/v2\/pages\/2692\/revisions"}],"predecessor-version":[{"id":2695,"href":"https:\/\/unadeca.net\/cwhite\/wp-json\/wp\/v2\/pages\/2692\/revisions\/2695"}],"wp:attachment":[{"href":"https:\/\/unadeca.net\/cwhite\/wp-json\/wp\/v2\/media?parent=2692"}],"curies":[{"name":"wp","href":"https:\/\/api.w.org\/{rel}","templated":true}]}}